{"id":2591,"date":"2015-02-02T04:29:48","date_gmt":"2015-02-02T04:29:48","guid":{"rendered":"http:\/\/rttheme19.rtthemes.com\/?page_id=4"},"modified":"2020-01-09T14:49:09","modified_gmt":"2020-01-09T14:49:09","slug":"home-page","status":"publish","type":"page","link":"https:\/\/reft-africa.org\/en\/","title":{"rendered":"ACCUEIL"},"content":{"rendered":"<p>[vc_row rt_row_background_width=&#8221;default&#8221; rt_row_style=&#8221;default-style&#8221; rt_row_borders=&#8221;&#8221; rt_row_paddings=&#8221;false&#8221; rt_bg_effect=&#8221;classic&#8221; rt_bg_image_repeat=&#8221;repeat&#8221; rt_bg_size=&#8221;cover&#8221; rt_bg_position=&#8221;right top&#8221; rt_bg_attachment=&#8221;scroll&#8221; rt_bg_video_format=&#8221;self-hosted&#8221;][vc_column rt_wrp_col_paddings=&#8221;false&#8221; rt_border_top=&#8221;&#8221; rt_border_bottom=&#8221;&#8221; rt_border_left=&#8221;&#8221; rt_border_right=&#8221;&#8221; rt_border_top_mobile=&#8221;&#8221; rt_border_bottom_mobile=&#8221;&#8221; rt_border_left_mobile=&#8221;&#8221; rt_border_right_mobile=&#8221;&#8221; rt_bg_image_repeat=&#8221;repeat&#8221; rt_bg_size=&#8221;auto auto&#8221; rt_bg_position=&#8221;right top&#8221; rt_bg_attachment=&#8221;scroll&#8221;]<div id=\"content-slider-745215\" style=\"min-height:600px;\" class=\"rt-carousel main-carousel carousel-holder clearfix\" data-item-width=\"1\" data-nav=\"true\" data-dots=\"true\" data-parallax=\"true\" data-timeout=\"4000\" data-autoplay=\"true\">\n<div class=\"owl-carousel\">\n\n\t\t<div class=\"item  alt-style-2 slide-background\" style=\"background-image: url(https:\/\/reft-africa.org\/wp-content\/uploads\/2015\/02\/Slide1.jpg);background-repeat: no-repeat;background-size: cover;background-position: left top;min-height: 600px;\">\n\t\t\t\n\t\t\t<div class=\"slide-content-wrapper default clearfix\">\n\t\t\t\t<div class=\"slide-content animation  right\" style=\"width: 50%;background-color: rgba(17,119,0,0.79);margin-top: 220px;\">\t\t\t\t\t\n\t\t\t\t\t<h2>REFT-AFRICA<\/h2>\n<p>Our vision is to strengthen communities and improve social conditions for vulnerable populations by creating capacity for quality results.<\/p>\n\n\t\t\t\t<\/div>\n\t\t\t<\/div>\n\t\t<\/div>\n\t\t<div class=\"item  light-style slide-background\" style=\"background-image: url(https:\/\/reft-africa.org\/wp-content\/uploads\/2015\/02\/Slide2.jpg);background-repeat: no-repeat;background-size: cover;background-position: left center;min-height: 600px;\">\n\t\t\t\n\t\t\t<div class=\"slide-content-wrapper default clearfix\">\n\t\t\t\t<div class=\"slide-content animation  center\" style=\"width: 60%;background-color: rgba(17,119,0,0.79);margin-top: 220px;\">\t\t\t\t\t\n\t\t\t\t\t<h3 style=\"text-align: center;\">In addition, REFT brings to its work an understanding of individual and cultural differences among a variety of international peoples.<\/h3>\n\n\t\t\t\t<\/div>\n\t\t\t<\/div>\n\t\t<\/div>\n\t\t<div class=\"item  alt-style-2 slide-background\" style=\"background-image: url(https:\/\/reft-africa.org\/wp-content\/uploads\/2015\/02\/Slide3.jpg);background-repeat: no-repeat;background-size: cover;background-position: left top;min-height: 600px;\">\n\t\t\t\n\t\t\t<div class=\"slide-content-wrapper default clearfix\">\n\t\t\t\t<div class=\"slide-content animation  right\" style=\"width: 50%;background-color: rgba(17,119,0,0.79);margin-top: 220px;\">\t\t\t\t\t\n\t\t\t\t\t<h2>REFT-AFRICA<\/h2>\n<p>Thus, for all assignments, local expertise are favored for its fulfilment under the technical support of our international experts.<\/p>\n\n\t\t\t\t<\/div>\n\t\t\t<\/div>\n\t\t<\/div><\/div>\n<\/div>\n[\/vc_column][\/vc_row][vc_row rt_row_background_width=&#8221;default&#8221; rt_row_style=&#8221;default-style&#8221; rt_row_borders=&#8221;&#8221; rt_row_paddings=&#8221;true&#8221; rt_bg_effect=&#8221;parallax&#8221; rt_bg_parallax_effect=&#8221;1&#8243; rt_bg_image_repeat=&#8221;repeat&#8221; rt_bg_size=&#8221;auto auto&#8221; rt_bg_position=&#8221;right top&#8221; rt_bg_video_format=&#8221;self-hosted&#8221; rt_row_width=&#8221;default&#8221; rt_row_placement=&#8221;true&#8221;][vc_column rt_wrp_col_paddings=&#8221;false&#8221; rt_border_top=&#8221;&#8221; rt_border_bottom=&#8221;&#8221; rt_border_left=&#8221;&#8221; rt_border_right=&#8221;&#8221; rt_border_top_mobile=&#8221;&#8221; rt_border_bottom_mobile=&#8221;&#8221; rt_border_left_mobile=&#8221;&#8221; rt_border_right_mobile=&#8221;&#8221; rt_bg_image_repeat=&#8221;repeat&#8221; rt_bg_size=&#8221;auto auto&#8221; rt_bg_position=&#8221;right top&#8221; rt_bg_attachment=&#8221;scroll&#8221;]\n\t\t\t\t<div  class=\"banner withbutton clearfix\" data-rt-animate=\"animate\" data-rt-animation-type=\"fadeIn\" data-rt-animation-group=\"single\" >\n\t\t\t\t\t<div class=\"featured_text\">\n\t\t\t\t\t\t<h5 style=\"text-align: justify;\">The REFT Institute has broad experience in conducting research and evaluating programs within a wide range of fields, <span style=\"color: #008000;\">from human services to information technology.<\/span><\/h5>\n<p>&nbsp;<\/p>\n<h4><\/h4>\n\n\t\t\t\t\t<\/div>\n\t\t\t\t\t<div class=\"button_holder\"><div>\n\t\t\t<div class=\"button_wrapper \"><a  href=\"https:\/\/reft-africa.org\/en\/about-us\/\" target=\"_self\" title=\"ABOUT US\" class=\"button_  color medium\"><span class=\"icon-new-attach-1\"><\/span>ABOUT US<\/a><\/div>\n\t\t<\/div><\/div>\t\t\t\t\n\t\t\t\t<\/div>\n\t\t\t[\/vc_column][\/vc_row][vc_row rt_row_background_width=&#8221;default&#8221; rt_row_style=&#8221;alt-style-1&#8243; rt_row_borders=&#8221;&#8221; rt_grid=&#8221;true&#8221; rt_row_paddings=&#8221;true&#8221; rt_bg_effect=&#8221;classic&#8221; rt_bg_image_repeat=&#8221;repeat&#8221; rt_bg_size=&#8221;cover&#8221; rt_bg_position=&#8221;right top&#8221; rt_bg_attachment=&#8221;scroll&#8221; rt_bg_video_format=&#8221;self-hosted&#8221; rt_padding_top=&#8221;40&#8243; rt_padding_bottom=&#8221;40&#8243;][vc_column rt_wrp_col_paddings=&#8221;false&#8221; rt_border_top=&#8221;&#8221; rt_border_bottom=&#8221;&#8221; rt_border_left=&#8221;&#8221; rt_border_right=&#8221;&#8221; rt_border_top_mobile=&#8221;&#8221; rt_border_bottom_mobile=&#8221;&#8221; rt_border_left_mobile=&#8221;&#8221; rt_border_right_mobile=&#8221;&#8221; rt_bg_image_repeat=&#8221;repeat&#8221; rt_bg_size=&#8221;auto auto&#8221; rt_bg_position=&#8221;right top&#8221; rt_bg_attachment=&#8221;scroll&#8221;][vc_row_inner rt_row_style=&#8221;global-style&#8221; rt_row_borders=&#8221;&#8221; rt_row_paddings=&#8221;true&#8221; rt_bg_effect=&#8221;classic&#8221; rt_bg_image_repeat=&#8221;repeat&#8221; rt_bg_size=&#8221;cover&#8221; rt_bg_position=&#8221;right top&#8221; rt_bg_attachment=&#8221;scroll&#8221; rt_bg_video_format=&#8221;self-hosted&#8221;][vc_column_inner width=&#8221;1\/2&#8243; rt_wrp_col_paddings=&#8221;false&#8221; rt_border_top=&#8221;&#8221; rt_border_bottom=&#8221;&#8221; rt_border_left=&#8221;&#8221; rt_border_right=&#8221;&#8221; rt_border_top_mobile=&#8221;&#8221; rt_border_bottom_mobile=&#8221;&#8221; rt_border_left_mobile=&#8221;&#8221; rt_border_right_mobile=&#8221;&#8221; rt_bg_image_repeat=&#8221;repeat&#8221; rt_bg_size=&#8221;auto auto&#8221; rt_bg_position=&#8221;right top&#8221; rt_bg_attachment=&#8221;scroll&#8221;]<article  class=\"icon-content-box content-box icon-left icon-style-1\"><div class=\"icon-holder\"><span class=\"icon-home-1\"><\/span><\/div><div class=\"text-holder\"><h5 class=\"heading\">Who are we?<\/h5> <p><span style=\"color: #000000;\">REFT-Africa is the Division for Africa of REFT Institute, Inc. (Research, Evaluation, Facilitation and Training). It is a consulting firm bringing together expert evaluators, researchers, teachers, etc.<br \/>\n<\/span><\/p>\n<\/div><\/article><article  class=\"icon-content-box content-box icon-left icon-style-1\"><div class=\"icon-holder\"><span class=\"icon-chart\"><\/span><\/div><div class=\"text-holder\"><h5 class=\"heading\">Experience<\/h5> <p style=\"text-align: justify;\"><span style=\"color: #000000;\">Team members combine more than 100 years of experience in quantitative and qualitative assessment.<\/span><\/p>\n<p style=\"text-align: justify;\"><span style=\"color: #000000;\">The staff of REFT Africa has an academic background and professional experience in the areas of education, mathematics, energy, engineering, statistics, economics, health, nutrition, agriculture, food security, evaluation, policy analysis, demography, environment, program management Non-profit organizations and public administration.<\/span><\/p>\n<\/div><\/article>[\/vc_column_inner][vc_column_inner width=&#8221;1\/2&#8243; rt_wrp_col_paddings=&#8221;false&#8221; rt_border_top=&#8221;&#8221; rt_border_bottom=&#8221;&#8221; rt_border_left=&#8221;&#8221; rt_border_right=&#8221;&#8221; rt_border_top_mobile=&#8221;&#8221; rt_border_bottom_mobile=&#8221;&#8221; rt_border_left_mobile=&#8221;&#8221; rt_border_right_mobile=&#8221;&#8221; rt_bg_image_repeat=&#8221;repeat&#8221; rt_bg_size=&#8221;auto auto&#8221; rt_bg_position=&#8221;right top&#8221; rt_bg_attachment=&#8221;scroll&#8221;]<article  class=\"icon-content-box content-box icon-left icon-style-1\"><div class=\"icon-holder\"><span class=\"icon-cloud-wind\"><\/span><\/div><div class=\"text-holder\"><h5 class=\"heading\">Our network<\/h5> <p><span style=\"color: #000000;\">REFT Africa and its experts are members of:<\/span><\/p>\n<ul>\n<li><span style=\"color: #000000;\">American Evaluation Association;<\/span><\/li>\n<li><span style=\"color: #000000;\">American Economic Association;<\/span><\/li>\n<li><span style=\"color: #000000;\">American Agricultural &amp; Applied Economics Association;<\/span><\/li>\n<li><span style=\"color: #000000;\">American Statistical Association;<\/span><\/li>\n<li>Association S\u00e9n\u00e9galaise des Ing\u00e9nieurs de l&#8217;Agriculture (ASIA);<\/li>\n<li>Association S\u00e9n\u00e9galaise des Ing\u00e9nieurs Agronomes de l&#8217;ENSA, ex-INDR de Th\u00e8s, S\u00e9n\u00e9gal<\/li>\n<li>Association Africaine d&#8217;Evaluation (AfrEA);<\/li>\n<li>Association S\u00e9n\u00e9galaise d&#8217;Evaluation;<\/li>\n<li>Ordre des M\u00e9decins du S\u00e9n\u00e9gal;<\/li>\n<li><span style=\"color: #000000;\">&#8230;<\/span><\/li>\n<\/ul>\n<\/div><\/article>[\/vc_column_inner][\/vc_row_inner][\/vc_column][\/vc_row][vc_row rt_row_background_width=&#8221;default&#8221; rt_row_style=&#8221;light-style&#8221; rt_row_borders=&#8221;&#8221; rt_row_paddings=&#8221;false&#8221; rt_bg_image=&#8221;3089&#8243; rt_bg_effect=&#8221;parallax&#8221; rt_bg_parallax_effect=&#8221;2&#8243; rt_bg_image_repeat=&#8221;no-repeat&#8221; rt_bg_size=&#8221;cover&#8221; rt_bg_position=&#8221;center center&#8221; rt_bg_video_format=&#8221;self-hosted&#8221;][vc_column rt_color_set=&#8221;default-style&#8221; rt_wrp_col_paddings=&#8221;false&#8221; rt_border_top=&#8221;&#8221; rt_border_bottom=&#8221;&#8221; rt_border_left=&#8221;&#8221; rt_border_right=&#8221;&#8221; rt_border_top_mobile=&#8221;&#8221; rt_border_bottom_mobile=&#8221;&#8221; rt_border_left_mobile=&#8221;&#8221; rt_border_right_mobile=&#8221;&#8221; rt_bg_image_repeat=&#8221;repeat&#8221; rt_bg_size=&#8221;auto auto&#8221; rt_bg_position=&#8221;right top&#8221; rt_bg_attachment=&#8221;scroll&#8221; rt_bg_color=&#8221;rgba(18,18,18,0.81)&#8221; rt_padding_top=&#8221;90&#8243; rt_padding_bottom=&#8221;90&#8243; rt_padding_left=&#8221;50&#8243; rt_padding_right=&#8221;50&#8243;]<div class=\"rt_heading_wrapper style-4\">\n\t\t\t\t\t\t<span class=\"punchline\">REFERENCES<\/span><h2 class=\"rt_heading  with_punchline style-4\" >OUR PARTNERS-CLIENTS<\/h2>\n\t\t\t\t\t<\/div>\r\n\t\t\t\t<div id=\"slider-image-carousel-957282\" class=\"rt-carousel carousel-holder clearfix rt-image-carousel \" data-item-width=\"5\" data-nav=\"true\" data-dots=\"false\" data-margin=\"25\" data-autoplay=\"true\" data-timeout=\"2000\" data-loop=\"true\" data-tablet-item-width=\"1\" data-mobile-item-width=\"1\">\r\n\t\t\t\t\t<div class=\"owl-carousel\">\r\n\t\t\t\t\t\t<div><img decoding=\"async\" src=\"https:\/\/reft-africa.org\/wp-content\/uploads\/2015\/02\/P1.png\" alt=\"\" itemprop=\"image\"><\/div><div><img decoding=\"async\" src=\"https:\/\/reft-africa.org\/wp-content\/uploads\/2015\/02\/P7.png\" alt=\"\" itemprop=\"image\"><\/div><div><img decoding=\"async\" src=\"https:\/\/reft-africa.org\/wp-content\/uploads\/2015\/02\/P6.png\" alt=\"\" itemprop=\"image\"><\/div><div><img decoding=\"async\" src=\"https:\/\/reft-africa.org\/wp-content\/uploads\/2015\/02\/P5.png\" alt=\"\" itemprop=\"image\"><\/div><div><img decoding=\"async\" src=\"https:\/\/reft-africa.org\/wp-content\/uploads\/2015\/02\/P4.png\" alt=\"\" itemprop=\"image\"><\/div><div><img decoding=\"async\" src=\"https:\/\/reft-africa.org\/wp-content\/uploads\/2015\/02\/P3.png\" alt=\"\" itemprop=\"image\"><\/div><div><img decoding=\"async\" src=\"https:\/\/reft-africa.org\/wp-content\/uploads\/2015\/02\/P2.png\" alt=\"\" itemprop=\"image\"><\/div><div><img decoding=\"async\" src=\"https:\/\/reft-africa.org\/wp-content\/uploads\/2020\/01\/USDA-logo-466x300.png\" alt=\"\" itemprop=\"image\"><\/div><div><img decoding=\"async\" src=\"https:\/\/reft-africa.org\/wp-content\/uploads\/2020\/01\/SFL-Logo-500x170.jpg\" alt=\"\" itemprop=\"image\"><\/div><div><img decoding=\"async\" src=\"https:\/\/reft-africa.org\/wp-content\/uploads\/2020\/01\/siteon0.png\" alt=\"\" itemprop=\"image\"><\/div><div><img decoding=\"async\" src=\"https:\/\/reft-africa.org\/wp-content\/uploads\/2020\/01\/ni-logo.jpg\" alt=\"\" itemprop=\"image\"><\/div>\r\n\t\t\t\t\t<\/div>\r\n\t\t\t\t\t\r\n\t\t\t\t<\/div>\r\n\t\t\t[\/vc_column][\/vc_row]<\/p>","protected":false},"excerpt":{"rendered":"<p>[vc_row rt_row_background_width=&#8221;default&#8221; rt_row_style=&#8221;default-style&#8221; rt_row_borders=&#8221;&#8221; rt_row_paddings=&#8221;false&#8221; rt_bg_effect=&#8221;classic&#8221; rt_bg_image_repeat=&#8221;repeat&#8221; rt_bg_size=&#8221;cover&#8221; rt_bg_position=&#8221;right top&#8221; rt_bg_attachment=&#8221;scroll&#8221; rt_bg_video_format=&#8221;self-hosted&#8221;][vc_column rt_wrp_col_paddings=&#8221;false&#8221; rt_border_top=&#8221;&#8221; rt_border_bottom=&#8221;&#8221; rt_border_left=&#8221;&#8221; rt_border_right=&#8221;&#8221; rt_border_top_mobile=&#8221;&#8221; rt_border_bottom_mobile=&#8221;&#8221; rt_border_left_mobile=&#8221;&#8221; rt_border_right_mobile=&#8221;&#8221; rt_bg_image_repeat=&#8221;repeat&#8221; rt_bg_size=&#8221;auto auto&#8221; rt_bg_position=&#8221;right top&#8221; rt_bg_attachment=&#8221;scroll&#8221;][\/vc_column][\/vc_row][vc_row rt_row_background_width=&#8221;default&#8221; rt_row_style=&#8221;default-style&#8221; rt_row_borders=&#8221;&#8221; rt_row_paddings=&#8221;true&#8221; rt_bg_effect=&#8221;parallax&#8221; rt_bg_parallax_effect=&#8221;1&#8243; rt_bg_image_repeat=&#8221;repeat&#8221; rt_bg_size=&#8221;auto auto&#8221; rt_bg_position=&#8221;right top&#8221; rt_bg_video_format=&#8221;self-hosted&#8221; rt_row_width=&#8221;default&#8221; rt_row_placement=&#8221;true&#8221;][vc_column rt_wrp_col_paddings=&#8221;false&#8221; rt_border_top=&#8221;&#8221; rt_border_bottom=&#8221;&#8221; rt_border_left=&#8221;&#8221; rt_border_right=&#8221;&#8221; rt_border_top_mobile=&#8221;&#8221; rt_border_bottom_mobile=&#8221;&#8221; rt_border_left_mobile=&#8221;&#8221; rt_border_right_mobile=&#8221;&#8221; rt_bg_image_repeat=&#8221;repeat&#8221; rt_bg_size=&#8221;auto auto&#8221; rt_bg_position=&#8221;right top&#8221; [&hellip;]<\/p>\n","protected":false},"author":1,"featured_media":0,"parent":0,"menu_order":0,"comment_status":"open","ping_status":"open","template":"","meta":{"_exactmetrics_skip_tracking":false,"_exactmetrics_sitenote_active":false,"_exactmetrics_sitenote_note":"","_exactmetrics_sitenote_category":0,"footnotes":""},"class_list":["post-2591","page","type-page","status-publish","hentry"],"_links":{"self":[{"href":"https:\/\/reft-africa.org\/en\/wp-json\/wp\/v2\/pages\/2591","targetHints":{"allow":["GET"]}}],"collection":[{"href":"https:\/\/reft-africa.org\/en\/wp-json\/wp\/v2\/pages"}],"about":[{"href":"https:\/\/reft-africa.org\/en\/wp-json\/wp\/v2\/types\/page"}],"author":[{"embeddable":true,"href":"https:\/\/reft-africa.org\/en\/wp-json\/wp\/v2\/users\/1"}],"replies":[{"embeddable":true,"href":"https:\/\/reft-africa.org\/en\/wp-json\/wp\/v2\/comments?post=2591"}],"version-history":[{"count":12,"href":"https:\/\/reft-africa.org\/en\/wp-json\/wp\/v2\/pages\/2591\/revisions"}],"predecessor-version":[{"id":3202,"href":"https:\/\/reft-africa.org\/en\/wp-json\/wp\/v2\/pages\/2591\/revisions\/3202"}],"wp:attachment":[{"href":"https:\/\/reft-africa.org\/en\/wp-json\/wp\/v2\/media?parent=2591"}],"curies":[{"name":"wp","href":"https:\/\/api.w.org\/{rel}","templated":true}]}}